{"id":1729,"date":"2014-05-09T08:40:34","date_gmt":"2014-05-09T07:40:34","guid":{"rendered":"http:\/\/miesbcn.com\/?page_id=1729"},"modified":"2025-03-13T12:26:41","modified_gmt":"2025-03-13T11:26:41","slug":"proyectos","status":"publish","type":"page","link":"https:\/\/miesbcn.com\/es\/proyectos\/","title":{"rendered":"Proyectos"},"content":{"rendered":"<p>La Fundaci\u00f3 Mies van der Rohe desarrolla su actividad en base a tres<br \/>\nprogramas:<br \/>\na) Programas vinculados al Pabell\u00f3n Mies van der Rohe<br \/>\nb) Programas vinculados al Premio de Arquitectura Contempor\u00e1nea de la Uni\u00f3n Europea &#8211;<br \/>\nPremios Mies van der Rohe.<br \/>\nc) Programas de investigaci\u00f3n, divulgaci\u00f3n y debate<\/p>\n","protected":false},"excerpt":{"rendered":"<p>La Fundaci\u00f3 Mies van der Rohe desarrolla su actividad en base a tres programas: a) Programas vinculados al Pabell\u00f3n Mies van der Rohe b) Programas vinculados al Premio de Arquitectura Contempor\u00e1nea de la Uni\u00f3n Europea &#8211; Premios Mies van der Rohe. c) Programas de investigaci\u00f3n, divulgaci\u00f3n y debate<\/p>\n","protected":false},"author":4,"featured_media":0,"parent":0,"menu_order":0,"comment_status":"closed","ping_status":"closed","template":"intervencions.php","meta":{"_acf_changed":false,"footnotes":""},"class_list":["post-1729","page","type-page","status-publish","hentry"],"acf":[],"yoast_head":"<!-- This site is optimized with the Yoast SEO plugin v27.2 - https:\/\/yoast.com\/product\/yoast-seo-wordpress\/ -->\n<title>Proyectos - Fundaci\u00f3 Mies van der Rohe<\/title>\n<meta name=\"description\" content=\"La programaci\u00f3n de intervenciones aporta un tipo de actividad \u00fanica a la ciudad que se basa en los espacios excepcionales del Pabell\u00f3n.\" \/>\n<meta name=\"robots\" content=\"index, follow, max-snippet:-1, max-image-preview:large, max-video-preview:-1\" \/>\n<link rel=\"canonical\" href=\"https:\/\/miesbcn.com\/es\/proyectos\/\" \/>\n<meta property=\"og:locale\" content=\"es_ES\" \/>\n<meta property=\"og:type\" content=\"article\" \/>\n<meta property=\"og:title\" content=\"Proyectos - Fundaci\u00f3 Mies van der Rohe\" \/>\n<meta property=\"og:description\" content=\"La programaci\u00f3n de intervenciones aporta un tipo de actividad \u00fanica a la ciudad que se basa en los espacios excepcionales del Pabell\u00f3n.\" \/>\n<meta property=\"og:url\" content=\"https:\/\/miesbcn.com\/es\/proyectos\/\" \/>\n<meta property=\"og:site_name\" content=\"Fundaci\u00f3 Mies van der Rohe\" \/>\n<meta property=\"article:publisher\" content=\"https:\/\/www.facebook.com\/FundacioMiesvanderRohe\" \/>\n<meta property=\"article:modified_time\" content=\"2025-03-13T11:26:41+00:00\" \/>\n<meta name=\"twitter:label1\" content=\"Tiempo de lectura\" \/>\n\t<meta name=\"twitter:data1\" content=\"1 minuto\" \/>\n<script type=\"application\/ld+json\" class=\"yoast-schema-graph\">{\"@context\":\"https:\/\/schema.org\",\"@graph\":[{\"@type\":\"WebPage\",\"@id\":\"https:\/\/miesbcn.com\/es\/proyectos\/\",\"url\":\"https:\/\/miesbcn.com\/es\/proyectos\/\",\"name\":\"Proyectos - Fundaci\u00f3 Mies van der Rohe\",\"isPartOf\":{\"@id\":\"https:\/\/miesbcn.com\/ca\/#website\"},\"datePublished\":\"2014-05-09T07:40:34+00:00\",\"dateModified\":\"2025-03-13T11:26:41+00:00\",\"description\":\"La programaci\u00f3n de intervenciones aporta un tipo de actividad \u00fanica a la ciudad que se basa en los espacios excepcionales del Pabell\u00f3n.\",\"breadcrumb\":{\"@id\":\"https:\/\/miesbcn.com\/es\/proyectos\/#breadcrumb\"},\"inLanguage\":\"es\",\"potentialAction\":[{\"@type\":\"ReadAction\",\"target\":[\"https:\/\/miesbcn.com\/es\/proyectos\/\"]}]},{\"@type\":\"BreadcrumbList\",\"@id\":\"https:\/\/miesbcn.com\/es\/proyectos\/#breadcrumb\",\"itemListElement\":[{\"@type\":\"ListItem\",\"position\":1,\"name\":\"Home\",\"item\":\"https:\/\/miesbcn.com\/es\/\"},{\"@type\":\"ListItem\",\"position\":2,\"name\":\"Proyectos\"}]},{\"@type\":\"WebSite\",\"@id\":\"https:\/\/miesbcn.com\/ca\/#website\",\"url\":\"https:\/\/miesbcn.com\/ca\/\",\"name\":\"Fundaci\u00f3 Mies van der Rohe\",\"description\":\"Fundaci\u00f3 Mies van der Rohe fosters debate on and awareness of themes related to contemporary architecture and urban planning, as well as encouraging studies on the work of Ludwig Mies van der Rohe and on the Modern Movement.\",\"inLanguage\":\"es\"}]}<\/script>\n<!-- \/ Yoast SEO plugin. -->","yoast_head_json":{"title":"Proyectos - Fundaci\u00f3 Mies van der Rohe","description":"La programaci\u00f3n de intervenciones aporta un tipo de actividad \u00fanica a la ciudad que se basa en los espacios excepcionales del Pabell\u00f3n.","robots":{"index":"index","follow":"follow","max-snippet":"max-snippet:-1","max-image-preview":"max-image-preview:large","max-video-preview":"max-video-preview:-1"},"canonical":"https:\/\/miesbcn.com\/es\/proyectos\/","og_locale":"es_ES","og_type":"article","og_title":"Proyectos - Fundaci\u00f3 Mies van der Rohe","og_description":"La programaci\u00f3n de intervenciones aporta un tipo de actividad \u00fanica a la ciudad que se basa en los espacios excepcionales del Pabell\u00f3n.","og_url":"https:\/\/miesbcn.com\/es\/proyectos\/","og_site_name":"Fundaci\u00f3 Mies van der Rohe","article_publisher":"https:\/\/www.facebook.com\/FundacioMiesvanderRohe","article_modified_time":"2025-03-13T11:26:41+00:00","twitter_misc":{"Tiempo de lectura":"1 minuto"},"schema":{"@context":"https:\/\/schema.org","@graph":[{"@type":"WebPage","@id":"https:\/\/miesbcn.com\/es\/proyectos\/","url":"https:\/\/miesbcn.com\/es\/proyectos\/","name":"Proyectos - Fundaci\u00f3 Mies van der Rohe","isPartOf":{"@id":"https:\/\/miesbcn.com\/ca\/#website"},"datePublished":"2014-05-09T07:40:34+00:00","dateModified":"2025-03-13T11:26:41+00:00","description":"La programaci\u00f3n de intervenciones aporta un tipo de actividad \u00fanica a la ciudad que se basa en los espacios excepcionales del Pabell\u00f3n.","breadcrumb":{"@id":"https:\/\/miesbcn.com\/es\/proyectos\/#breadcrumb"},"inLanguage":"es","potentialAction":[{"@type":"ReadAction","target":["https:\/\/miesbcn.com\/es\/proyectos\/"]}]},{"@type":"BreadcrumbList","@id":"https:\/\/miesbcn.com\/es\/proyectos\/#breadcrumb","itemListElement":[{"@type":"ListItem","position":1,"name":"Home","item":"https:\/\/miesbcn.com\/es\/"},{"@type":"ListItem","position":2,"name":"Proyectos"}]},{"@type":"WebSite","@id":"https:\/\/miesbcn.com\/ca\/#website","url":"https:\/\/miesbcn.com\/ca\/","name":"Fundaci\u00f3 Mies van der Rohe","description":"Fundaci\u00f3 Mies van der Rohe fosters debate on and awareness of themes related to contemporary architecture and urban planning, as well as encouraging studies on the work of Ludwig Mies van der Rohe and on the Modern Movement.","inLanguage":"es"}]}},"_links":{"self":[{"href":"https:\/\/miesbcn.com\/es\/wp-json\/wp\/v2\/pages\/1729","targetHints":{"allow":["GET"]}}],"collection":[{"href":"https:\/\/miesbcn.com\/es\/wp-json\/wp\/v2\/pages"}],"about":[{"href":"https:\/\/miesbcn.com\/es\/wp-json\/wp\/v2\/types\/page"}],"author":[{"embeddable":true,"href":"https:\/\/miesbcn.com\/es\/wp-json\/wp\/v2\/users\/4"}],"replies":[{"embeddable":true,"href":"https:\/\/miesbcn.com\/es\/wp-json\/wp\/v2\/comments?post=1729"}],"version-history":[{"count":3,"href":"https:\/\/miesbcn.com\/es\/wp-json\/wp\/v2\/pages\/1729\/revisions"}],"predecessor-version":[{"id":136606,"href":"https:\/\/miesbcn.com\/es\/wp-json\/wp\/v2\/pages\/1729\/revisions\/136606"}],"wp:attachment":[{"href":"https:\/\/miesbcn.com\/es\/wp-json\/wp\/v2\/media?parent=1729"}],"curies":[{"name":"wp","href":"https:\/\/api.w.org\/{rel}","templated":true}]}}